{"id":2818,"date":"2019-03-24T12:52:06","date_gmt":"2019-03-24T11:52:06","guid":{"rendered":"https:\/\/www.seifenblasen.at\/?page_id=2818"},"modified":"2019-03-24T12:52:09","modified_gmt":"2019-03-24T11:52:09","slug":"links","status":"publish","type":"page","link":"https:\/\/www.seifenblasen.at\/en\/links\/","title":{"rendered":"Links"},"content":{"rendered":"\n<h2 class=\"wp-block-heading\">Hier finden Sie Links zu Riesenseifenblasen-Freunden<\/h2>\n\n\n\n<p><a rel=\"noopener noreferrer\" href=\"http:\/\/www.peter-pat-seifenblasen.de\/\" target=\"_blank\"><strong>Peter &amp; Pat Zentrale Deutschland<\/strong><\/a><br><a rel=\"noopener noreferrer\" href=\"http:\/\/www.werkbuchcafe.at\/\" target=\"_blank\"><strong>Werkbuchcafe<\/strong> (Gesch\u00e4ft im 2. Bezirk, beim Karmelitermarkt mit unseren Produkten)<\/a><br><a rel=\"noopener noreferrer\" href=\"http:\/\/www.fuenf-baden.at\/\" target=\"_blank\"><strong>F\u00fcnf-concept-store<\/strong> (Gesch\u00e4ft in Baden mit unseren Produkten)<\/a><br><a rel=\"noopener noreferrer\" href=\"http:\/\/www.drumsonfire.net\/\" target=\"_blank\"><strong>BubbleClown<\/strong> (Seifenblasenshows als Bubbleclown, Feuershows &amp; Trommel-Workshops in Salzburg)<\/a><br><strong><a rel=\"noreferrer noopener\" aria-label=\"Bubbles4you (Riesenseifenblasen-Workshops, Seifenblasen Spielpl\u00e4tze, f\u00fcr Festivals, Hochzeiten, Schulen und vieles mehr!) (opens in a new tab)\" href=\"https:\/\/www.bubbles4you.eu\" target=\"_blank\">Bubbles4you<\/a><\/strong><a rel=\"noreferrer noopener\" aria-label=\"Bubbles4you (Riesenseifenblasen-Workshops, Seifenblasen Spielpl\u00e4tze, f\u00fcr Festivals, Hochzeiten, Schulen und vieles mehr!) (opens in a new tab)\" href=\"https:\/\/www.bubbles4you.eu\" target=\"_blank\"> (Riesenseifenblasen-Workshops, Seifenblasen Spielpl\u00e4tze, Festivals, Hochzeiten, Schulen und noch viel mehr!)<\/a><a href=\"https:\/\/bubbles4you.eu\"><br><\/a><a rel=\"noopener noreferrer\" href=\"http:\/\/pippifax-seifenblasen.tumblr.com\/\" target=\"_blank\"><strong>Seifenblasen-Fee Pippifax<\/strong> (Seifenblasen in Berlin)<\/a><\/p>\n\n\n\n<p><a rel=\"noopener noreferrer\" href=\"http:\/\/www.youtube.com\/user\/AramisGehberger\/\" target=\"_blank\"><strong>Dr.Bubbles auf Youtube <\/strong>(You-Tube Kanal)<\/a><br><a rel=\"noopener noreferrer\" href=\"http:\/\/www.facebook.com\/pages\/DrBubbles\/128442260513507\/\" target=\"_blank\"><strong>Dr.Bubbles auf Facebook<\/strong> (f\u00fcr die neuesten Informationen)<\/a><br><a rel=\"noopener noreferrer\" href=\"http:\/\/www.flickr.com\/photos\/49424182@N07\/\" target=\"_blank\"><strong>Dr.Bubbles Flickr-Album<\/strong> (Foto-Alben)<\/a><br><strong><a href=\"https:\/\/www.instagram.com\/aramis_gehberger\/\" target=\"_blank\" rel=\"noreferrer noopener\" aria-label=\"Dr. Bubbles Instagram  (opens in a new tab)\">Dr. Bubbles Instagram <\/a><\/strong><\/p>\n\n\n\n<h2 class=\"wp-block-heading\">Zum Thema Frieden und Frieden mit sich selbst<\/h2>\n\n\n\n<p><a href=\"http:\/\/www.attersee-friedensfest.at\/\" target=\"_blank\" rel=\"noopener noreferrer\"><strong>Friedensfest Attersee<\/strong> (Sigrid Bergmann)<\/a><br><a href=\"http:\/\/www.mareikekirsch.de\/\" target=\"_blank\" rel=\"noopener noreferrer\"><strong>Mareike Kirsch<\/strong> (Geschichten aus der Tiefe des Herzens)<\/a><br><a href=\"http:\/\/www.lebenswerte-haus.com\/\" target=\"_blank\" rel=\"noopener noreferrer\"><strong>LEBENsWERTE HAUS<\/strong> (Ein Ort um Liebe, Frieden, Ruhe, und Werte uneingeschr\u00e4nkt zu leben)<\/a><br><a href=\"http:\/\/www.derkleineyogi.at\/\" target=\"_blank\" rel=\"noopener noreferrer\"><strong>Der kleine Yogi<\/strong> (Produkte mit liebevollen Grafiken von Barbara Schauer)<\/a><br><a href=\"http:\/\/www.yazuya-yoga.com\/\" target=\"_blank\" rel=\"noopener noreferrer\"><strong>YazuyaYoga<\/strong> (Hatha Yoga, Sound Yoga, Free Movement, in Leipzig)<\/a><br><a href=\"http:\/\/www.naturfuehlungen.com\/\" target=\"_blank\" rel=\"noopener noreferrer\"><strong>Naturf\u00fchlungen<\/strong> (Wald- und Naturp\u00e4dagogik mit Herz)<\/a><br><a href=\"http:\/\/www.back-to-paradise.at\/\" target=\"_blank\" rel=\"noopener noreferrer\"><strong>Back to paradise<\/strong> (Wege zum inneren Gl\u00fcck mit Freia F.C. Weixelbaum)<\/a><br><a href=\"http:\/\/www.twinsolutions.at\/\" target=\"_blank\" rel=\"noopener noreferrer\"><strong>twin solutions<\/strong> (Twin Solutions, Organisationsberatung)<\/a><\/p>\n\n\n\n<h2 class=\"wp-block-heading\">Musik-Links<\/h2>\n\n\n\n<p><a href=\"http:\/\/www.evanovak.at\/\" target=\"_blank\" rel=\"noopener noreferrer\"><strong>Eva Novak<\/strong> (Singer-songwriter, vocalist, BlisSings,..)<\/a><br><a href=\"http:\/\/estastonne.com\/\" target=\"_blank\" rel=\"noopener noreferrer\"><strong>Estas Tonne<\/strong> (Elemental Sounds of the universe)<\/a><br><a href=\"http:\/\/radioamin.jimdo.com\/\" target=\"_blank\" rel=\"noopener noreferrer\"><strong>Radio Amin\/strong&gt; (Heartbeat Hang, Extraordinary music and concerts)<\/strong><\/a><strong><br><a href=\"http:\/\/www.universalchant.com\/\" target=\"_blank\" rel=\"noopener noreferrer\"><strong>Universal chant\/strong&gt; (Spiritual music events in Austria)<\/strong><\/a><strong><br><a href=\"http:\/\/www.tango-dj.at\/\" target=\"_blank\" rel=\"noopener noreferrer\"><strong>Bernhard Gehberger<\/strong> (Tango-Argentino Lehrer, Tango DJ, Tango CD\u2019s) <\/a><\/strong><\/strong><\/p>\n\n\n\n<h2 class=\"wp-block-heading\">Spa\u00df und Action<\/h2>\n\n\n\n<p><strong><a href=\"http:\/\/www.fenfire.at\">Fenfire <\/a><\/strong><a href=\"http:\/\/www.fenfire.at\">(Feuer und Circus-shows vom Feinsten!)<\/a><br><a rel=\"noopener noreferrer\" href=\"http:\/\/www.belleetage-stelzentheater.com\/\" target=\"_blank\"><strong>Belle etage<\/strong> (Stelzentheater, walk act, performance)<\/a><br><a rel=\"noopener noreferrer\" href=\"http:\/\/www.peterspindler.com\/\" target=\"_blank\"><strong>Peter Spindler<\/strong> (Labor f\u00fcr kreatives Theater, regelm\u00e4\u00dfiges Schauspieltraing, Clown-Workshops, Regie, u.v.m.)<\/a><br><a rel=\"noopener noreferrer\" href=\"http:\/\/www.zackenzilli.at\/\" target=\"_blank\"><strong>Zackenzilli<\/strong> (Zackenzilli ist jongliertes Feuer und Licht, Stelzen, Pyrotechnik, Stra\u00dfentheater, Zirkusprojekte,..)<\/a><br><a rel=\"noopener noreferrer\" href=\"http:\/\/www.uutschi.at\/\" target=\"_blank\"><strong>Uutschi<\/strong> (\u201cLach dich frei\u201d,Kindertheater, Stelzen, Lachjoga, Feuershows, Walking acts,..)<\/a><br><a rel=\"noopener noreferrer\" href=\"http:\/\/www.morelli.at\/\" target=\"_blank\"><strong>Morelli<\/strong> (Zirkusp\u00e4dagogik, Zaubershows, Fuereshows und mehr!)<\/a><br><a rel=\"noreferrer noopener\" href=\"http:\/\/freudenfeuer.at\/\" target=\"_blank\"><strong>Freudenfeuer<\/strong> (Feuershows)\ufeff<\/a><br><a rel=\"noopener noreferrer\" href=\"http:\/\/www.party-spass.at\/\" target=\"_blank\"><strong>Party-Spa\u00df<\/strong> (DER Party Entertainer! F\u00fcr Geburtstage, Hochzeiten oder Firmenfeiern)<\/a><br><a rel=\"noopener noreferrer\" href=\"http:\/\/kreative-kinderffeste.at\/\" target=\"_blank\"><strong>Kreative Kinderfeste<\/strong> (kreative Kinderfeste &amp; Kinderanimation bei Hochzeiten \u00e1 la carte)<\/a><br><a rel=\"noopener noreferrer\" href=\"http:\/\/urhof20.at\/\" target=\"_blank\"><strong>UrHof20<\/strong> (Kulturverein Gr\u00fcnbacherhof)<\/a><br><a rel=\"noopener noreferrer\" href=\"http:\/\/www.seedcamp.at\/\" target=\"_blank\"><strong>Tree of life festival<\/strong> (Waldviertel\/Kautzen \u2013 open space to be)<\/a><br><a rel=\"noopener noreferrer\" href=\"http:\/\/www.herzkultur.org\/heartculture\/\" target=\"_blank\"><strong>Heartculture Festival<\/strong> (Herzkultur \u2013 Family, Herz, Natur)<\/a><br><a rel=\"noopener noreferrer\" href=\"http:\/\/www.moki.at\/\" target=\"_blank\"><strong>Moki<\/strong> (Mobile Kinder-Kranken-Pflege)<\/a><br><a rel=\"noopener noreferrer\" href=\"http:\/\/www.elternwerkstatt.at\/\" target=\"_blank\"><strong>Elternwerkstatt<\/strong> (Beratung und Seminare in Erziehungsfragen, auch bei Trennung\/Scheidung)<\/a><br><a rel=\"noopener noreferrer\" href=\"http:\/\/artisten.info\/\" target=\"_blank\"><strong>artisten.info<\/strong> (Datenbank f\u00fcr K\u00fcnstler)<\/a><br><a rel=\"noopener noreferrer\" href=\"http:\/\/hochzeit.click\/\" target=\"_blank\"><strong>Hochzeit.Click<\/strong> (DIE Hochzeits Seite!)<\/a><br><a rel=\"noopener noreferrer\" href=\"http:\/\/www.suedwind-agentur.at\/start.asp?ID=244887&amp;b=1077\" target=\"_blank\"><strong>S\u00fcdwind Stra\u00dfenfest<\/strong> (Interkulturelles Begegnen und feiern)<\/a><br><a rel=\"noopener noreferrer\" href=\"http:\/\/www.die-zauberkiste.de\/\" target=\"_blank\"><strong>Die Zauberkiste<\/strong> (Tipps und Tricks zum Thema Zaubern mit Kindern, B\u00fccher inklusive!)<\/a><br><a rel=\"noopener noreferrer\" href=\"http:\/\/www.parkbetreuung-margareten.at\/\" target=\"_blank\"><strong>Parkbetreuung Margareten<\/strong> (Institut f\u00fcr Erlebnisp\u00e4dagogik)<\/a><br><a rel=\"noopener noreferrer\" href=\"http:\/\/www.schema-k.de\/\" target=\"_blank\">eingetragen im schema k K\u00fcnstlerverzeichnis<\/a><\/p>\n","protected":false},"excerpt":{"rendered":"<p>Hier finden Sie Links zu Riesenseifenblasen-Freunden Peter &amp; Pat Zentrale DeutschlandWerkbuchcafe (Gesch\u00e4ft im 2. Bezirk, beim Karmelitermarkt mit unseren Produkten)F\u00fcnf-concept-store (Gesch\u00e4ft in Baden mit unseren Produkten)BubbleClown (Seifenblasenshows als Bubbleclown, Feuershows &amp; Trommel-Workshops in Salzburg)Bubbles4you (Riesenseifenblasen-Workshops, Seifenblasen Spielpl\u00e4tze, Festivals, Hochzeiten, Schulen und noch viel mehr!)Seifenblasen-Fee Pippifax (Seifenblasen in Berlin) Dr.Bubbles auf Youtube (You-Tube Kanal)Dr.Bubbles auf Facebook [&hellip;]<\/p>\n","protected":false},"author":5,"featured_media":0,"parent":0,"menu_order":0,"comment_status":"closed","ping_status":"closed","template":"","meta":{"advgb_blocks_editor_width":"","advgb_blocks_columns_visual_guide":"","ocean_post_layout":"","ocean_both_sidebars_style":"","ocean_both_sidebars_content_width":0,"ocean_both_sidebars_sidebars_width":0,"ocean_sidebar":"0","ocean_second_sidebar":"0","ocean_disable_margins":"enable","ocean_add_body_class":"","ocean_shortcode_before_top_bar":"","ocean_shortcode_after_top_bar":"","ocean_shortcode_before_header":"","ocean_shortcode_after_header":"","ocean_has_shortcode":"","ocean_shortcode_after_title":"","ocean_shortcode_before_footer_widgets":"","ocean_shortcode_after_footer_widgets":"","ocean_shortcode_before_footer_bottom":"","ocean_shortcode_after_footer_bottom":"","ocean_display_top_bar":"default","ocean_display_header":"default","ocean_header_style":"","ocean_center_header_left_menu":"0","ocean_custom_header_template":"0","ocean_custom_logo":0,"ocean_custom_retina_logo":0,"ocean_custom_logo_max_width":0,"ocean_custom_logo_tablet_max_width":0,"ocean_custom_logo_mobile_max_width":0,"ocean_custom_logo_max_height":0,"ocean_custom_logo_tablet_max_height":0,"ocean_custom_logo_mobile_max_height":0,"ocean_header_custom_menu":"0","ocean_menu_typo_font_family":"0","ocean_menu_typo_font_subset":"","ocean_menu_typo_font_size":0,"ocean_menu_typo_font_size_tablet":0,"ocean_menu_typo_font_size_mobile":0,"ocean_menu_typo_font_size_unit":"px","ocean_menu_typo_font_weight":"","ocean_menu_typo_font_weight_tablet":"","ocean_menu_typo_font_weight_mobile":"","ocean_menu_typo_transform":"","ocean_menu_typo_transform_tablet":"","ocean_menu_typo_transform_mobile":"","ocean_menu_typo_line_height":0,"ocean_menu_typo_line_height_tablet":0,"ocean_menu_typo_line_height_mobile":0,"ocean_menu_typo_line_height_unit":"","ocean_menu_typo_spacing":0,"ocean_menu_typo_spacing_tablet":0,"ocean_menu_typo_spacing_mobile":0,"ocean_menu_typo_spacing_unit":"","ocean_menu_link_color":"","ocean_menu_link_color_hover":"","ocean_menu_link_color_active":"","ocean_menu_link_background":"","ocean_menu_link_hover_background":"","ocean_menu_link_active_background":"","ocean_menu_social_links_bg":"","ocean_menu_social_hover_links_bg":"","ocean_menu_social_links_color":"","ocean_menu_social_hover_links_color":"","ocean_disable_title":"default","ocean_disable_heading":"default","ocean_post_title":"","ocean_post_subheading":"","ocean_post_title_style":"","ocean_post_title_background_color":"","ocean_post_title_background":0,"ocean_post_title_bg_image_position":"","ocean_post_title_bg_image_attachment":"","ocean_post_title_bg_image_repeat":"","ocean_post_title_bg_image_size":"","ocean_post_title_height":0,"ocean_post_title_bg_overlay":0.5,"ocean_post_title_bg_overlay_color":"","ocean_disable_breadcrumbs":"default","ocean_breadcrumbs_color":"","ocean_breadcrumbs_separator_color":"","ocean_breadcrumbs_links_color":"","ocean_breadcrumbs_links_hover_color":"","ocean_display_footer_widgets":"default","ocean_display_footer_bottom":"default","ocean_custom_footer_template":"0","footnotes":""},"class_list":["post-2818","page","type-page","status-publish","hentry","entry"],"yoast_head":"<!-- This site is optimized with the Yoast SEO plugin v27.5 - https:\/\/yoast.com\/product\/yoast-seo-wordpress\/ -->\n<title>Links - Giant soap bubbles from Dr. Bubbles<\/title>\n<meta name=\"robots\" content=\"index, follow, max-snippet:-1, max-image-preview:large, max-video-preview:-1\" \/>\n<link rel=\"canonical\" href=\"https:\/\/www.seifenblasen.at\/en\/links\/\" \/>\n<meta property=\"og:locale\" content=\"en_US\" \/>\n<meta property=\"og:type\" content=\"article\" \/>\n<meta property=\"og:title\" content=\"Links - Giant soap bubbles from Dr. Bubbles\" \/>\n<meta property=\"og:description\" content=\"Hier finden Sie Links zu Riesenseifenblasen-Freunden Peter &amp; Pat Zentrale DeutschlandWerkbuchcafe (Gesch\u00e4ft im 2. Bezirk, beim Karmelitermarkt mit unseren Produkten)F\u00fcnf-concept-store (Gesch\u00e4ft in Baden mit unseren Produkten)BubbleClown (Seifenblasenshows als Bubbleclown, Feuershows &amp; Trommel-Workshops in Salzburg)Bubbles4you (Riesenseifenblasen-Workshops, Seifenblasen Spielpl\u00e4tze, Festivals, Hochzeiten, Schulen und noch viel mehr!)Seifenblasen-Fee Pippifax (Seifenblasen in Berlin) Dr.Bubbles auf Youtube (You-Tube Kanal)Dr.Bubbles auf Facebook [&hellip;]\" \/>\n<meta property=\"og:url\" content=\"https:\/\/www.seifenblasen.at\/en\/links\/\" \/>\n<meta property=\"og:site_name\" content=\"Giant soap bubbles from Dr. Bubbles\" \/>\n<meta property=\"article:publisher\" content=\"http:\/\/www.facebook.com\/Doc.Bubbles\" \/>\n<meta property=\"article:modified_time\" content=\"2019-03-24T11:52:09+00:00\" \/>\n<meta name=\"twitter:label1\" content=\"Est. reading time\" \/>\n\t<meta name=\"twitter:data1\" content=\"2 minutes\" \/>\n<script type=\"application\/ld+json\" class=\"yoast-schema-graph\">{\"@context\":\"https:\\\/\\\/schema.org\",\"@graph\":[{\"@type\":\"WebPage\",\"@id\":\"https:\\\/\\\/www.seifenblasen.at\\\/en\\\/links\\\/\",\"url\":\"https:\\\/\\\/www.seifenblasen.at\\\/en\\\/links\\\/\",\"name\":\"Links - Giant soap bubbles from Dr. Bubbles\",\"isPartOf\":{\"@id\":\"https:\\\/\\\/www.seifenblasen.at\\\/en\\\/#website\"},\"datePublished\":\"2019-03-24T11:52:06+00:00\",\"dateModified\":\"2019-03-24T11:52:09+00:00\",\"breadcrumb\":{\"@id\":\"https:\\\/\\\/www.seifenblasen.at\\\/en\\\/links\\\/#breadcrumb\"},\"inLanguage\":\"en-US\",\"potentialAction\":[{\"@type\":\"ReadAction\",\"target\":[\"https:\\\/\\\/www.seifenblasen.at\\\/en\\\/links\\\/\"]}]},{\"@type\":\"BreadcrumbList\",\"@id\":\"https:\\\/\\\/www.seifenblasen.at\\\/en\\\/links\\\/#breadcrumb\",\"itemListElement\":[{\"@type\":\"ListItem\",\"position\":1,\"name\":\"Home\",\"item\":\"https:\\\/\\\/www.seifenblasen.at\\\/en\\\/\"},{\"@type\":\"ListItem\",\"position\":2,\"name\":\"Links\"}]},{\"@type\":\"WebSite\",\"@id\":\"https:\\\/\\\/www.seifenblasen.at\\\/en\\\/#website\",\"url\":\"https:\\\/\\\/www.seifenblasen.at\\\/en\\\/\",\"name\":\"Seifenblasen Shows mit Riesenseifenblasen von Dr. Bubbles B\u00fchnenshows, Outdoor Shows, walking acts und close up f\u00fcr Seifenblasen Hochzeit, B2B und Familienfeste\",\"description\":\"World-class giant soap bubble artistry at stage shows, outdoor shows and interactive shows\",\"publisher\":{\"@id\":\"https:\\\/\\\/www.seifenblasen.at\\\/en\\\/#organization\"},\"potentialAction\":[{\"@type\":\"SearchAction\",\"target\":{\"@type\":\"EntryPoint\",\"urlTemplate\":\"https:\\\/\\\/www.seifenblasen.at\\\/en\\\/?s={search_term_string}\"},\"query-input\":{\"@type\":\"PropertyValueSpecification\",\"valueRequired\":true,\"valueName\":\"search_term_string\"}}],\"inLanguage\":\"en-US\"},{\"@type\":\"Organization\",\"@id\":\"https:\\\/\\\/www.seifenblasen.at\\\/en\\\/#organization\",\"name\":\"Aramis Gehberger alias Dr. Bubbles\",\"url\":\"https:\\\/\\\/www.seifenblasen.at\\\/en\\\/\",\"logo\":{\"@type\":\"ImageObject\",\"inLanguage\":\"en-US\",\"@id\":\"https:\\\/\\\/www.seifenblasen.at\\\/en\\\/#\\\/schema\\\/logo\\\/image\\\/\",\"url\":\"https:\\\/\\\/www.seifenblasen.at\\\/wp-content\\\/uploads\\\/2016\\\/03\\\/IMG_6564.jpg\",\"contentUrl\":\"https:\\\/\\\/www.seifenblasen.at\\\/wp-content\\\/uploads\\\/2016\\\/03\\\/IMG_6564.jpg\",\"width\":1600,\"height\":1067,\"caption\":\"Aramis Gehberger alias Dr. Bubbles\"},\"image\":{\"@id\":\"https:\\\/\\\/www.seifenblasen.at\\\/en\\\/#\\\/schema\\\/logo\\\/image\\\/\"},\"sameAs\":[\"http:\\\/\\\/www.facebook.com\\\/Doc.Bubbles\"]}]}<\/script>\n<!-- \/ Yoast SEO plugin. -->","yoast_head_json":{"title":"Links - Giant soap bubbles from Dr. Bubbles","robots":{"index":"index","follow":"follow","max-snippet":"max-snippet:-1","max-image-preview":"max-image-preview:large","max-video-preview":"max-video-preview:-1"},"canonical":"https:\/\/www.seifenblasen.at\/en\/links\/","og_locale":"en_US","og_type":"article","og_title":"Links - Giant soap bubbles from Dr. Bubbles","og_description":"Hier finden Sie Links zu Riesenseifenblasen-Freunden Peter &amp; Pat Zentrale DeutschlandWerkbuchcafe (Gesch\u00e4ft im 2. Bezirk, beim Karmelitermarkt mit unseren Produkten)F\u00fcnf-concept-store (Gesch\u00e4ft in Baden mit unseren Produkten)BubbleClown (Seifenblasenshows als Bubbleclown, Feuershows &amp; Trommel-Workshops in Salzburg)Bubbles4you (Riesenseifenblasen-Workshops, Seifenblasen Spielpl\u00e4tze, Festivals, Hochzeiten, Schulen und noch viel mehr!)Seifenblasen-Fee Pippifax (Seifenblasen in Berlin) Dr.Bubbles auf Youtube (You-Tube Kanal)Dr.Bubbles auf Facebook [&hellip;]","og_url":"https:\/\/www.seifenblasen.at\/en\/links\/","og_site_name":"Giant soap bubbles from Dr. Bubbles","article_publisher":"http:\/\/www.facebook.com\/Doc.Bubbles","article_modified_time":"2019-03-24T11:52:09+00:00","twitter_misc":{"Est. reading time":"2 minutes"},"schema":{"@context":"https:\/\/schema.org","@graph":[{"@type":"WebPage","@id":"https:\/\/www.seifenblasen.at\/en\/links\/","url":"https:\/\/www.seifenblasen.at\/en\/links\/","name":"Links - Giant soap bubbles from Dr. Bubbles","isPartOf":{"@id":"https:\/\/www.seifenblasen.at\/en\/#website"},"datePublished":"2019-03-24T11:52:06+00:00","dateModified":"2019-03-24T11:52:09+00:00","breadcrumb":{"@id":"https:\/\/www.seifenblasen.at\/en\/links\/#breadcrumb"},"inLanguage":"en-US","potentialAction":[{"@type":"ReadAction","target":["https:\/\/www.seifenblasen.at\/en\/links\/"]}]},{"@type":"BreadcrumbList","@id":"https:\/\/www.seifenblasen.at\/en\/links\/#breadcrumb","itemListElement":[{"@type":"ListItem","position":1,"name":"Home","item":"https:\/\/www.seifenblasen.at\/en\/"},{"@type":"ListItem","position":2,"name":"Links"}]},{"@type":"WebSite","@id":"https:\/\/www.seifenblasen.at\/en\/#website","url":"https:\/\/www.seifenblasen.at\/en\/","name":"Seifenblasen Shows mit Riesenseifenblasen von Dr. Bubbles B\u00fchnenshows, Outdoor Shows, walking acts und close up f\u00fcr Seifenblasen Hochzeit, B2B und Familienfeste","description":"World-class giant soap bubble artistry at stage shows, outdoor shows and interactive shows","publisher":{"@id":"https:\/\/www.seifenblasen.at\/en\/#organization"},"potentialAction":[{"@type":"SearchAction","target":{"@type":"EntryPoint","urlTemplate":"https:\/\/www.seifenblasen.at\/en\/?s={search_term_string}"},"query-input":{"@type":"PropertyValueSpecification","valueRequired":true,"valueName":"search_term_string"}}],"inLanguage":"en-US"},{"@type":"Organization","@id":"https:\/\/www.seifenblasen.at\/en\/#organization","name":"Aramis Gehberger alias Dr. Bubbles","url":"https:\/\/www.seifenblasen.at\/en\/","logo":{"@type":"ImageObject","inLanguage":"en-US","@id":"https:\/\/www.seifenblasen.at\/en\/#\/schema\/logo\/image\/","url":"https:\/\/www.seifenblasen.at\/wp-content\/uploads\/2016\/03\/IMG_6564.jpg","contentUrl":"https:\/\/www.seifenblasen.at\/wp-content\/uploads\/2016\/03\/IMG_6564.jpg","width":1600,"height":1067,"caption":"Aramis Gehberger alias Dr. Bubbles"},"image":{"@id":"https:\/\/www.seifenblasen.at\/en\/#\/schema\/logo\/image\/"},"sameAs":["http:\/\/www.facebook.com\/Doc.Bubbles"]}]}},"coauthors":[],"author_meta":{"author_link":"https:\/\/www.seifenblasen.at\/en\/author\/pixelguru\/","display_name":"Werner Moser"},"relative_dates":{"created":"Posted 7 years ago","modified":"Updated 7 years ago"},"absolute_dates":{"created":"Posted on March 24, 2019","modified":"Updated on March 24, 2019"},"absolute_dates_time":{"created":"Posted on March 24, 2019 12:52 pm","modified":"Updated on March 24, 2019 12:52 pm"},"featured_img_caption":"","featured_img":false,"series_order":"","_links":{"self":[{"href":"https:\/\/www.seifenblasen.at\/en\/wp-json\/wp\/v2\/pages\/2818","targetHints":{"allow":["GET"]}}],"collection":[{"href":"https:\/\/www.seifenblasen.at\/en\/wp-json\/wp\/v2\/pages"}],"about":[{"href":"https:\/\/www.seifenblasen.at\/en\/wp-json\/wp\/v2\/types\/page"}],"author":[{"embeddable":true,"href":"https:\/\/www.seifenblasen.at\/en\/wp-json\/wp\/v2\/users\/5"}],"replies":[{"embeddable":true,"href":"https:\/\/www.seifenblasen.at\/en\/wp-json\/wp\/v2\/comments?post=2818"}],"version-history":[{"count":0,"href":"https:\/\/www.seifenblasen.at\/en\/wp-json\/wp\/v2\/pages\/2818\/revisions"}],"wp:attachment":[{"href":"https:\/\/www.seifenblasen.at\/en\/wp-json\/wp\/v2\/media?parent=2818"}],"curies":[{"name":"wp","href":"https:\/\/api.w.org\/{rel}","templated":true}]}}